{"id":21068,"date":"2021-09-27T14:14:47","date_gmt":"2021-09-27T12:14:47","guid":{"rendered":"https:\/\/wydawnictwa.ifps.org.pl\/?post_type=product&#038;p=21068"},"modified":"2022-12-02T15:13:29","modified_gmt":"2022-12-02T14:13:29","slug":"szumy-uszne-i-nadwrazliwosc-sluchowa-kompendium-dla-pacjentow-i-specjalistow","status":"publish","type":"product","link":"https:\/\/wydawnictwa.ifps.org.pl\/index.php\/produkt\/szumy-uszne-i-nadwrazliwosc-sluchowa-kompendium-dla-pacjentow-i-specjalistow\/","title":{"rendered":"Szumy uszne i nadwra\u017cliwo\u015b\u0107 s\u0142uchowa Kompendium dla pacjent\u00f3w i specjalist\u00f3w."},"content":{"rendered":"<p><strong>Pod redakcj\u0105: prof. Henryka Skar\u017cy\u0144skiego i dr n. med. Danuty Raj-Koziak<\/strong><\/p>\n<p>Instytut Fizjologii i\u00a0Patologii S\u0142uchu to pierwszy w\u00a0Polsce o\u015brodek naukowy i\u00a0kliniczny, kt\u00f3ry zapewni\u0142 pacjentom do\u015bwiadczaj\u0105cym szum\u00f3w usznych i\u00a0nadwra\u017cliwo\u015bci s\u0142uchowej kompleksow\u0105 diagnostyk\u0119 i\u00a0mo\u017cliwo\u015b\u0107 skorzystania z\u00a0najnowocze\u015bniejszych metod terapii. Obecnie osoby cierpi\u0105ce na te dolegliwo\u015bci mog\u0105 uzyska\u0107 skuteczn\u0105 pomoc w\u00a0oddziale Zak\u0142adu Szum\u00f3w Usznych. To unikalna jednostka z\u00a0interdyscyplinarnym zespo\u0142em lekarzy, psycholog\u00f3w i\u00a0innych specjalist\u00f3w z\u00a0wieloletnim do\u015bwiadczeniem. Specjalnie dla pacjent\u00f3w z\u00a0szumami usznymi i\u00a0nadwra\u017cliwo\u015bci\u0105 s\u0142uchow\u0105 przygotowali oni pod redakcj\u0105 prof. Henryka Skar\u017cy\u0144skiego, dyrektora Instytutu Fizjologii i\u00a0Patologii S\u0142uchu, oraz dr n. med. Danuty Raj-Koziak, kierownika Zak\u0142adu Szum\u00f3w Usznych, we wsp\u00f3\u0142pracy z Instytutem Narz\u0105d\u00f3w Zmys\u0142\u00f3w niniejsz\u0105 publikacj\u0119. Znajd\u0105 w\u00a0niej Pa\u0144stwo nie tylko najnowsz\u0105 wiedz\u0119 na temat tych coraz cz\u0119\u015bciej wyst\u0119puj\u0105cych dolegliwo\u015bci, lecz tak\u017ce wiele cennych rad pomocnych w\u00a0radzeniu sobie z\u00a0nimi.<\/p>\n","protected":false},"excerpt":{"rendered":"<p>Pod redakcj\u0105: prof. Henryka Skar\u017cy\u0144skiego i dr n. med. Danuty Raj-Koziak Instytut Fizjologii i\u00a0Patologii S\u0142uchu to pierwszy w\u00a0Polsce o\u015brodek naukowy i\u00a0kliniczny, kt\u00f3ry zapewni\u0142 pacjentom do\u015bwiadczaj\u0105cym&#8230;<\/p>\n","protected":false},"featured_media":21074,"template":"","meta":[],"product_cat":[16],"product_tag":[],"class_list":{"0":"post-21068","1":"product","2":"type-product","3":"status-publish","4":"has-post-thumbnail","6":"product_cat-ksiazki-i-publikacje","8":"first","9":"instock","10":"shipping-taxable","11":"purchasable","12":"product-type-simple"},"_links":{"self":[{"href":"https:\/\/wydawnictwa.ifps.org.pl\/index.php\/wp-json\/wp\/v2\/product\/21068"}],"collection":[{"href":"https:\/\/wydawnictwa.ifps.org.pl\/index.php\/wp-json\/wp\/v2\/product"}],"about":[{"href":"https:\/\/wydawnictwa.ifps.org.pl\/index.php\/wp-json\/wp\/v2\/types\/product"}],"wp:featuredmedia":[{"embeddable":true,"href":"https:\/\/wydawnictwa.ifps.org.pl\/index.php\/wp-json\/wp\/v2\/media\/21074"}],"wp:attachment":[{"href":"https:\/\/wydawnictwa.ifps.org.pl\/index.php\/wp-json\/wp\/v2\/media?parent=21068"}],"wp:term":[{"taxonomy":"product_cat","embeddable":true,"href":"https:\/\/wydawnictwa.ifps.org.pl\/index.php\/wp-json\/wp\/v2\/product_cat?post=21068"},{"taxonomy":"product_tag","embeddable":true,"href":"https:\/\/wydawnictwa.ifps.org.pl\/index.php\/wp-json\/wp\/v2\/product_tag?post=21068"}],"curies":[{"name":"wp","href":"https:\/\/api.w.org\/{rel}","templated":true}]}}