{"id":21113,"date":"2021-05-24T10:46:55","date_gmt":"2021-05-24T08:46:55","guid":{"rendered":"https:\/\/wydawnictwa.ifps.org.pl\/?post_type=product&#038;p=21113"},"modified":"2021-11-16T15:53:40","modified_gmt":"2021-11-16T14:53:40","slug":"rekord-guinnessa-w-kajetanach","status":"publish","type":"product","link":"https:\/\/wydawnictwa.ifps.org.pl\/index.php\/produkt\/rekord-guinnessa-w-kajetanach\/","title":{"rendered":"Rekord Guinnessa w Kajetanach"},"content":{"rendered":"<p><strong>Rekord Guinnessa w Kajetanach<\/strong><\/p>\n<p>Fotoalbum dokumentuj\u0105cy obchody 25-rocznicy pierwszej w Polsce operacji wszczepienia implantu \u015blimakowego osobie z ca\u0142kowit\u0105 g\u0142uchot\u0105 i udan\u0105 pr\u00f3b\u0119 pobicia rekordu Guinnessa w kategorii \u201eSpotkanie w jednym miejscu i czasie najwi\u0119kszej liczby os\u00f3b z implantami s\u0142uchowymi\u201d. 15 lipca 2017 r. przed \u015awiatowym Centrum S\u0142uchu zgromadzi\u0142o si\u0119 601 pacjent\u00f3w, o 44 wi\u0119cej ni\u017c w 2012 roku, kiedy to w Kajetanach pobity zosta\u0142 pierwszy rekord Guinnessa w tej kategorii. Fotoalbum zawiera pami\u0105tkowe zdj\u0119cia z tego wydarzenia.<\/p>\n","protected":false},"excerpt":{"rendered":"<p>Rekord Guinnessa w Kajetanach Fotoalbum dokumentuj\u0105cy obchody 25-rocznicy pierwszej w Polsce operacji wszczepienia implantu \u015blimakowego osobie z ca\u0142kowit\u0105 g\u0142uchot\u0105 i udan\u0105 pr\u00f3b\u0119 pobicia rekordu Guinnessa&#8230;<\/p>\n","protected":false},"featured_media":21114,"template":"","meta":[],"product_cat":[16],"product_tag":[],"class_list":{"0":"post-21113","1":"product","2":"type-product","3":"status-publish","4":"has-post-thumbnail","6":"product_cat-ksiazki-i-publikacje","8":"first","9":"instock","10":"shipping-taxable","11":"purchasable","12":"product-type-simple"},"_links":{"self":[{"href":"https:\/\/wydawnictwa.ifps.org.pl\/index.php\/wp-json\/wp\/v2\/product\/21113"}],"collection":[{"href":"https:\/\/wydawnictwa.ifps.org.pl\/index.php\/wp-json\/wp\/v2\/product"}],"about":[{"href":"https:\/\/wydawnictwa.ifps.org.pl\/index.php\/wp-json\/wp\/v2\/types\/product"}],"wp:featuredmedia":[{"embeddable":true,"href":"https:\/\/wydawnictwa.ifps.org.pl\/index.php\/wp-json\/wp\/v2\/media\/21114"}],"wp:attachment":[{"href":"https:\/\/wydawnictwa.ifps.org.pl\/index.php\/wp-json\/wp\/v2\/media?parent=21113"}],"wp:term":[{"taxonomy":"product_cat","embeddable":true,"href":"https:\/\/wydawnictwa.ifps.org.pl\/index.php\/wp-json\/wp\/v2\/product_cat?post=21113"},{"taxonomy":"product_tag","embeddable":true,"href":"https:\/\/wydawnictwa.ifps.org.pl\/index.php\/wp-json\/wp\/v2\/product_tag?post=21113"}],"curies":[{"name":"wp","href":"https:\/\/api.w.org\/{rel}","templated":true}]}}