{"id":21116,"date":"2021-09-21T10:47:36","date_gmt":"2021-09-21T08:47:36","guid":{"rendered":"https:\/\/wydawnictwa.ifps.org.pl\/?post_type=product&#038;p=21116"},"modified":"2021-11-16T15:55:57","modified_gmt":"2021-11-16T14:55:57","slug":"przerwana-cisza-jak-powstal-scenariusz-musicalu","status":"publish","type":"product","link":"https:\/\/wydawnictwa.ifps.org.pl\/index.php\/produkt\/przerwana-cisza-jak-powstal-scenariusz-musicalu\/","title":{"rendered":"\u201ePrzerwana cisza\u201d. Jak powsta\u0142 scenariusz musicalu?"},"content":{"rendered":"<p><strong>Autor: Henryk Skar\u017cy\u0144ski<\/strong><\/p>\n<p>Monografia ukazuj\u0105ca kulisy pracy prof. Henryka Skar\u017cy\u0144skiego nad librettem do musicalu do musicalu \u201ePrzerwana cisza\u201d wystawionego we wrze\u015bniu 2019 r. w Warszawskiej Operze Kameralnej (muzyk\u0119 do tekst\u00f3w napisa\u0142 prof. Krzesimir D\u0119bski, spektakl wyre\u017cyserowa\u0142 Micha\u0142 Znaniecki).<\/p>\n<p>&#8211; \u201ePrzerwana cisza\u201d to dwa s\u0142owa, kt\u00f3re nieod\u0142\u0105cznie towarzysz\u0105 mi od 30 lat &#8211; napisa\u0142 we wst\u0119pie do monografii prof. Henryk Skar\u017cy\u0144ski. &#8211; To wtedy podczas pierwszego pobytu na sta\u017cu w Szpitalu \u015awi\u0119tej Antoniny w Pary\u017cu zobaczy\u0142em po raz pierwszy, jak osoba, kt\u00f3ra urodzi\u0142a si\u0119 g\u0142ucha, wychodzi z ciszy po wszczepieniu implantu \u015blimakowego. Obserwuj\u0105c prac\u0119 jednego ze \u015bwiatowych pionier\u00f3w leczenia g\u0142uchoty prof.\u00a0Claude\u2019a-Henriego\u00a0Chouarda, zrozumia\u0142em, \u017ce odzyskanie s\u0142uchu i wyj\u015bcie ze \u015bwiata ciszy jest mo\u017cliwe. Te dwa s\u0142owa \u201eprzerwana cisza\u201d to nie artystyczne has\u0142o, zawo\u0142anie czy slogan. To sens mojej 30-letniej pracy naukowej, klinicznej, dydaktycznej i organizacyjnej \u2013 dodaje autor.<\/p>\n","protected":false},"excerpt":{"rendered":"<p>Autor: Henryk Skar\u017cy\u0144ski Monografia ukazuj\u0105ca kulisy pracy prof. Henryka Skar\u017cy\u0144skiego nad librettem do musicalu do musicalu \u201ePrzerwana cisza\u201d wystawionego we wrze\u015bniu 2019 r. w Warszawskiej&#8230;<\/p>\n","protected":false},"featured_media":21117,"template":"","meta":[],"product_cat":[16],"product_tag":[],"class_list":{"0":"post-21116","1":"product","2":"type-product","3":"status-publish","4":"has-post-thumbnail","6":"product_cat-ksiazki-i-publikacje","8":"first","9":"instock","10":"shipping-taxable","11":"purchasable","12":"product-type-simple"},"_links":{"self":[{"href":"https:\/\/wydawnictwa.ifps.org.pl\/index.php\/wp-json\/wp\/v2\/product\/21116"}],"collection":[{"href":"https:\/\/wydawnictwa.ifps.org.pl\/index.php\/wp-json\/wp\/v2\/product"}],"about":[{"href":"https:\/\/wydawnictwa.ifps.org.pl\/index.php\/wp-json\/wp\/v2\/types\/product"}],"wp:featuredmedia":[{"embeddable":true,"href":"https:\/\/wydawnictwa.ifps.org.pl\/index.php\/wp-json\/wp\/v2\/media\/21117"}],"wp:attachment":[{"href":"https:\/\/wydawnictwa.ifps.org.pl\/index.php\/wp-json\/wp\/v2\/media?parent=21116"}],"wp:term":[{"taxonomy":"product_cat","embeddable":true,"href":"https:\/\/wydawnictwa.ifps.org.pl\/index.php\/wp-json\/wp\/v2\/product_cat?post=21116"},{"taxonomy":"product_tag","embeddable":true,"href":"https:\/\/wydawnictwa.ifps.org.pl\/index.php\/wp-json\/wp\/v2\/product_tag?post=21116"}],"curies":[{"name":"wp","href":"https:\/\/api.w.org\/{rel}","templated":true}]}}